{"id":515,"date":"2016-01-06T13:20:46","date_gmt":"2016-01-06T12:20:46","guid":{"rendered":"http:\/\/thefinestcityhotels.com\/?page_id=515"},"modified":"2019-11-12T14:17:06","modified_gmt":"2019-11-12T13:17:06","slug":"test","status":"publish","type":"page","link":"https:\/\/thefinestcityhotels.com\/?page_id=515","title":{"rendered":"The finest City Hotels"},"content":{"rendered":"<p>Shopping in Bangkok. Relaxen in Vancouver. Business in Frankfurt. Die luxuri\u00f6sesten und exklusivsten Stadtdomizile weltweit finden im Premium\u00a0 Online Magazin THE FINEST CITY HOTELS eine ad\u00e4quate Pr\u00e4sentationsfl\u00e4che. Alle Inhalte sind journalistisch kompetent verpackt und im stilvollen Layout edel inszeniert.<\/p>\n<p>High Class Residenzen und faszinierende Metropolen stehen ebenso im Fokus wie angesagte Hotspots, exklusiver Lifestyle \u2013 und MICE.<\/p>\n<p>St\u00e4dtehotels bieten die perfekte Kulisse f\u00fcr promotablen Gesch\u00e4ftstourismus mit den Bereichen Tagungen (Meeting), Begleitprogramme (Incentive), Kongresse (Congress) und Veranstaltungen (Event).<\/p>\n","protected":false},"excerpt":{"rendered":"<p>Shopping in Bangkok. Relaxen in Vancouver. Business in Frankfurt. Die luxuri\u00f6sesten und exklusivsten Stadtdomizile weltweit finden im Premium\u00a0 Online Magazin THE FINEST CITY HOTELS eine ad\u00e4quate Pr\u00e4sentationsfl\u00e4che. Alle Inhalte sind journalistisch kompetent verpackt und im stilvollen Layout edel inszeniert. High&#8230; <\/p>\n","protected":false},"author":2,"featured_media":0,"parent":0,"menu_order":0,"comment_status":"closed","ping_status":"closed","template":"","meta":[],"aioseo_notices":[],"_links":{"self":[{"href":"https:\/\/thefinestcityhotels.com\/index.php?rest_route=\/wp\/v2\/pages\/515"}],"collection":[{"href":"https:\/\/thefinestcityhotels.com\/index.php?rest_route=\/wp\/v2\/pages"}],"about":[{"href":"https:\/\/thefinestcityhotels.com\/index.php?rest_route=\/wp\/v2\/types\/page"}],"author":[{"embeddable":true,"href":"https:\/\/thefinestcityhotels.com\/index.php?rest_route=\/wp\/v2\/users\/2"}],"replies":[{"embeddable":true,"href":"https:\/\/thefinestcityhotels.com\/index.php?rest_route=%2Fwp%2Fv2%2Fcomments&post=515"}],"version-history":[{"count":2,"href":"https:\/\/thefinestcityhotels.com\/index.php?rest_route=\/wp\/v2\/pages\/515\/revisions"}],"predecessor-version":[{"id":623,"href":"https:\/\/thefinestcityhotels.com\/index.php?rest_route=\/wp\/v2\/pages\/515\/revisions\/623"}],"wp:attachment":[{"href":"https:\/\/thefinestcityhotels.com\/index.php?rest_route=%2Fwp%2Fv2%2Fmedia&parent=515"}],"curies":[{"name":"wp","href":"https:\/\/api.w.org\/{rel}","templated":true}]}}