{"id":452,"date":"2015-11-25T13:06:26","date_gmt":"2015-11-25T12:06:26","guid":{"rendered":"http:\/\/thefinestcityhotels.com\/?page_id=452"},"modified":"2025-09-25T16:00:34","modified_gmt":"2025-09-25T14:00:34","slug":"kontakt","status":"publish","type":"page","link":"https:\/\/thefinestcityhotels.com\/?page_id=452","title":{"rendered":"\u00dcber uns"},"content":{"rendered":"<p>THE FINEST CITY HOTELS<\/p>\n<p>Shopping in Bangkok. Relaxen in Vancouver. Business in Frankfurt. Die luxuri\u00f6sesten und exklusivsten Stadtdomizile weltweit finden im Premium Online Magazin THE FINEST CITY HOTELS eine ad\u00e4quate Pr\u00e4sentationsfl\u00e4che. Alle Inhalte sind journalistisch kompetent verpackt und im stilvollen Layout edel inszeniert. High Class Residenzen und faszinierende Metropolen stehen ebenso im Fokus wie angesagte Hotspots, exklusiver Lifestyle \u2013 und MICE. St\u00e4dtehotels bieten die perfekte Kulisse f\u00fcr promotablen Gesch\u00e4ftstourismus mit den Bereichen Tagungen (Meeting), Begleitprogramme (Incentive), Kongresse (Congress) und Veranstaltungen (Event).<\/p>\n<p>THE FINEST CITY HOTELS User lieben die Exklusivit\u00e4t \u2013 im Leben, beim Reisen und Genie\u00dfen. Sie sind finanzstarke Topentscheider mit hohem Bildungsniveau.<\/p>\n<p>Eine Klientel mit hohen Qualit\u00e4tsanspr\u00fcchen, luxusorientiert und finanzstark. Ausgefallene Luxus-Locations, bezaubernde Resorts und informative Reportagen sind Inspirationen f\u00fcr anspruchsvolle Globetrotter, die das Besondere suchen.<\/p>\n","protected":false},"excerpt":{"rendered":"<p>THE FINEST CITY HOTELS Shopping in Bangkok. Relaxen in Vancouver. Business in Frankfurt. Die luxuri\u00f6sesten und exklusivsten Stadtdomizile weltweit finden im Premium Online Magazin THE FINEST CITY HOTELS eine ad\u00e4quate Pr\u00e4sentationsfl\u00e4che. Alle Inhalte sind journalistisch kompetent verpackt und im stilvollen&#8230; <\/p>\n","protected":false},"author":3,"featured_media":0,"parent":0,"menu_order":0,"comment_status":"closed","ping_status":"closed","template":"template-no-sidebar.php","meta":[],"aioseo_notices":[],"_links":{"self":[{"href":"https:\/\/thefinestcityhotels.com\/index.php?rest_route=\/wp\/v2\/pages\/452"}],"collection":[{"href":"https:\/\/thefinestcityhotels.com\/index.php?rest_route=\/wp\/v2\/pages"}],"about":[{"href":"https:\/\/thefinestcityhotels.com\/index.php?rest_route=\/wp\/v2\/types\/page"}],"author":[{"embeddable":true,"href":"https:\/\/thefinestcityhotels.com\/index.php?rest_route=\/wp\/v2\/users\/3"}],"replies":[{"embeddable":true,"href":"https:\/\/thefinestcityhotels.com\/index.php?rest_route=%2Fwp%2Fv2%2Fcomments&post=452"}],"version-history":[{"count":8,"href":"https:\/\/thefinestcityhotels.com\/index.php?rest_route=\/wp\/v2\/pages\/452\/revisions"}],"predecessor-version":[{"id":633,"href":"https:\/\/thefinestcityhotels.com\/index.php?rest_route=\/wp\/v2\/pages\/452\/revisions\/633"}],"wp:attachment":[{"href":"https:\/\/thefinestcityhotels.com\/index.php?rest_route=%2Fwp%2Fv2%2Fmedia&parent=452"}],"curies":[{"name":"wp","href":"https:\/\/api.w.org\/{rel}","templated":true}]}}